{"id":70,"date":"2025-07-15T12:11:19","date_gmt":"2025-07-15T10:11:19","guid":{"rendered":"https:\/\/spfutoma.ostnet.pl\/?page_id=70"},"modified":"2025-09-06T18:40:28","modified_gmt":"2025-09-06T16:40:28","slug":"patron-szkoly","status":"publish","type":"page","link":"https:\/\/spfutoma.ostnet.pl\/?page_id=70","title":{"rendered":"Patron szko\u0142y"},"content":{"rendered":"\n<p>\u015awi\u0119ty Jan Kanty przyszed\u0142 na \u015bwiat w K\u0119tach na Ziemi O\u015bwi\u0119cimskiej w dniu 24 czerwca 1390 r. jako syn Stanis\u0142awa i Anny. Pochodzi\u0142 z rodziny mieszcza\u0144skiej. Jego ojciec by\u0142 burmistrzem. Do naszych czas\u00f3w nie zachowa\u0142y si\u0119 \u017cadne historyczne wzmianki o jego \u017cyciu z lat dziecinnych i m\u0142odzie\u0144czych. Wiadomo tylko, \u017ce po uko\u0144czeniu nauk pocz\u0105tkowych w rodzinnym mie\u015bcie, uda\u0142 si\u0119 na Akademi\u0119 Krakowsk\u0105. Bez odpowiedzi pozostaje r\u00f3wnie\u017c pytanie, dlaczego dopiero w wieku 23 lat zdecydowa\u0142 si\u0119 na podj\u0119cie studi\u00f3w.<\/p>\n\n\n\n<p>Studia Jana z K\u0119t przebiega\u0142y pomy\u015blnie, o czym \u015bwiadcz\u0105 daty osi\u0105ganych stopni naukowych. Najpierw studiowa\u0142 nauki wyzwolone na wydziale artium, gdzie g\u0142\u00f3wnym wyk\u0142adanym przedmiotem by\u0142a filozofia Arystotelesa. Tu uzyska\u0142 w 1415 roku stopie\u0144 baka\u0142arza, a trzy lata p\u00f3\u017aniej w styczniu 1418 roku zosta\u0142 magistrem filozofii. Zanim otrzyma\u0142 mieszkanie i sta\u0142\u0105 posad\u0119 w Akademii, zarabia\u0142 na swoje utrzymanie podejmuj\u0105c rozmaite pomocnicze zaj\u0119cia na fakultecie. Lata 1421 &#8211; 1429 sp\u0119dzi\u0142 w Miechowie pe\u0142ni\u0105c obowi\u0105zki rektora szko\u0142y klasztornej oraz sprawuj\u0105c opiek\u0119 nad gromadk\u0105 m\u0142odych zakonnik\u00f3w, jako ich wychowawca i nauczyciel gramatyki, teorii muzyki i \u015bpiewu.<\/p>\n\n\n\n<p>W roku 1429 Jan z K\u0119t obj\u0105\u0142 katedr\u0119 filozofii, gdzie wyk\u0142ada\u0142 prawdopodobnie do 1456 roku. Rozpocz\u0105\u0142 r\u00f3wnocze\u015bnie studia teologiczne. Mia\u0142 wtedy 39 lat i by\u0142 ju\u017c kap\u0142anem (nie jest znana dok\u0142adna data jego \u015bwi\u0119ce\u0144, wiadomo tylko, \u017ce przyj\u0105\u0142 je przed rokiem 1421). Jako student teologii, a r\u00f3wnocze\u015bnie profesor na wydziale artium, trzykrotnie sprawowa\u0142 tu urz\u0105d dziekana.<\/p>\n\n\n\n<div class=\"wp-block-envira-envira-gallery\"><div id=\"envira-gallery-wrap-389\" class=\"envira-gallery-wrap envira-gallery-theme-base envira-lightbox-theme-base\" itemscope itemtype=\"https:\/\/schema.org\/ImageGallery\"><div data-row-height=\"150\" data-gallery-theme=\"normal\" id=\"envira-gallery-389\" class=\"envira-gallery-public envira-gallery-justified-public envira-gallery-0-columns envira-clear enviratope envira-gallery-css-animations\" data-envira-columns=\"0\"><div id=\"envira-gallery-item-387\" class=\"envira-gallery-item enviratope-item envira-gallery-item-1 envira-lazy-load\" style=\"padding-left: 1px; padding-bottom: 1px; padding-right: 1px;\"  itemscope itemtype=\"https:\/\/schema.org\/ImageObject\"><div class=\"envira-gallery-item-inner\"><div class=\"envira-gallery-position-overlay  envira-gallery-top-left\"><\/div><div class=\"envira-gallery-position-overlay  envira-gallery-top-right\"><\/div><div class=\"envira-gallery-position-overlay  envira-gallery-bottom-left\"><\/div><div class=\"envira-gallery-position-overlay  envira-gallery-bottom-right\"><\/div><a href=\"https:\/\/spfutoma.ostnet.pl\/wp-content\/uploads\/2025\/09\/240px-jan_kanty.jpg\" class=\"envira-gallery-389 envira-gallery-link\" rel=\"enviragallery389\" title=\"240px-jan_kanty\" data-envira-caption=\"240px-jan_kanty\" data-envira-retina=\"\" data-thumbnail=\"\"  itemprop=\"contentUrl\"><img decoding=\"async\" id=\"envira-gallery-image-387\" class=\"envira-gallery-image envira-gallery-image-1 envira-normal envira-lazy\" data-envira-index=\"1\" src=\"https:\/\/spfutoma.ostnet.pl\/wp-content\/uploads\/2025\/09\/240px-jan_kanty-640x480.jpg\" data-envira-src=\"https:\/\/spfutoma.ostnet.pl\/wp-content\/uploads\/2025\/09\/240px-jan_kanty-640x480.jpg\" data-envira-gallery-id=\"389\" data-envira-item-id=\"387\" data-envira-caption=\"240px-jan_kanty\" alt=\"\" title=\"240px-jan_kanty\"  itemprop=\"thumbnailUrl\" data-envira-srcset=\"https:\/\/spfutoma.ostnet.pl\/wp-content\/uploads\/2025\/09\/240px-jan_kanty-640x480.jpg 400w,https:\/\/spfutoma.ostnet.pl\/wp-content\/uploads\/2025\/09\/240px-jan_kanty-640x480.jpg 2x\" data-envira-width=\"180\" data-envira-height=\"300\" srcset=\"data:image\/gif;base64,R0lGODlhAQABAIAAAP\/\/\/\/\/\/\/yH5BAEKAAEALAAAAAABAAEAAAICTAEAOw==\" data-safe-src=\"data:image\/gif;base64,R0lGODlhAQABAIAAAP\/\/\/\/\/\/\/yH5BAEKAAEALAAAAAABAAEAAAICTAEAOw==\" \/><\/a><\/div><\/div><div id=\"envira-gallery-item-388\" class=\"envira-gallery-item enviratope-item envira-gallery-item-2 envira-lazy-load\" style=\"padding-left: 1px; padding-bottom: 1px; padding-right: 1px;\"  itemscope itemtype=\"https:\/\/schema.org\/ImageObject\"><div class=\"envira-gallery-item-inner\"><div class=\"envira-gallery-position-overlay  envira-gallery-top-left\"><\/div><div class=\"envira-gallery-position-overlay  envira-gallery-top-right\"><\/div><div class=\"envira-gallery-position-overlay  envira-gallery-bottom-left\"><\/div><div class=\"envira-gallery-position-overlay  envira-gallery-bottom-right\"><\/div><a href=\"https:\/\/spfutoma.ostnet.pl\/wp-content\/uploads\/2025\/09\/2010-kanty_1.jpg\" class=\"envira-gallery-389 envira-gallery-link\" rel=\"enviragallery389\" title=\"2010-kanty_1\" data-envira-caption=\"2010-kanty_1\" data-envira-retina=\"\" data-thumbnail=\"\"  itemprop=\"contentUrl\"><img decoding=\"async\" id=\"envira-gallery-image-388\" class=\"envira-gallery-image envira-gallery-image-2 envira-normal envira-lazy\" data-envira-index=\"2\" src=\"https:\/\/spfutoma.ostnet.pl\/wp-content\/uploads\/2025\/09\/2010-kanty_1-640x480.jpg\" data-envira-src=\"https:\/\/spfutoma.ostnet.pl\/wp-content\/uploads\/2025\/09\/2010-kanty_1-640x480.jpg\" data-envira-gallery-id=\"389\" data-envira-item-id=\"388\" data-envira-caption=\"2010-kanty_1\" alt=\"\" title=\"2010-kanty_1\"  itemprop=\"thumbnailUrl\" data-envira-srcset=\"https:\/\/spfutoma.ostnet.pl\/wp-content\/uploads\/2025\/09\/2010-kanty_1-640x480.jpg 400w,https:\/\/spfutoma.ostnet.pl\/wp-content\/uploads\/2025\/09\/2010-kanty_1-640x480.jpg 2x\" data-envira-width=\"148\" data-envira-height=\"225\" srcset=\"data:image\/gif;base64,R0lGODlhAQABAIAAAP\/\/\/\/\/\/\/yH5BAEKAAEALAAAAAABAAEAAAICTAEAOw==\" data-safe-src=\"data:image\/gif;base64,R0lGODlhAQABAIAAAP\/\/\/\/\/\/\/yH5BAEKAAEALAAAAAABAAEAAAICTAEAOw==\" \/><\/a><\/div><\/div><div id=\"envira-gallery-item-386\" class=\"envira-gallery-item enviratope-item envira-gallery-item-3 envira-lazy-load\" style=\"padding-left: 1px; padding-bottom: 1px; padding-right: 1px;\"  itemscope itemtype=\"https:\/\/schema.org\/ImageObject\"><div class=\"envira-gallery-item-inner\"><div class=\"envira-gallery-position-overlay  envira-gallery-top-left\"><\/div><div class=\"envira-gallery-position-overlay  envira-gallery-top-right\"><\/div><div class=\"envira-gallery-position-overlay  envira-gallery-bottom-left\"><\/div><div class=\"envira-gallery-position-overlay  envira-gallery-bottom-right\"><\/div><a href=\"https:\/\/spfutoma.ostnet.pl\/wp-content\/uploads\/2025\/09\/p1210040-1.jpg\" class=\"envira-gallery-389 envira-gallery-link\" rel=\"enviragallery389\" title=\"p1210040\" data-envira-caption=\"p1210040\" data-envira-retina=\"\" data-thumbnail=\"\"  itemprop=\"contentUrl\"><img decoding=\"async\" id=\"envira-gallery-image-386\" class=\"envira-gallery-image envira-gallery-image-3 envira-normal envira-lazy\" data-envira-index=\"3\" src=\"https:\/\/spfutoma.ostnet.pl\/wp-content\/uploads\/2025\/09\/p1210040-1-640x480.jpg\" data-envira-src=\"https:\/\/spfutoma.ostnet.pl\/wp-content\/uploads\/2025\/09\/p1210040-1-640x480.jpg\" data-envira-gallery-id=\"389\" data-envira-item-id=\"386\" data-envira-caption=\"p1210040\" alt=\"\" title=\"p1210040\"  itemprop=\"thumbnailUrl\" data-envira-srcset=\"https:\/\/spfutoma.ostnet.pl\/wp-content\/uploads\/2025\/09\/p1210040-1-640x480.jpg 400w,https:\/\/spfutoma.ostnet.pl\/wp-content\/uploads\/2025\/09\/p1210040-1-640x480.jpg 2x\" data-envira-width=\"160\" data-envira-height=\"120\" srcset=\"data:image\/gif;base64,R0lGODlhAQABAIAAAP\/\/\/\/\/\/\/yH5BAEKAAEALAAAAAABAAEAAAICTAEAOw==\" data-safe-src=\"data:image\/gif;base64,R0lGODlhAQABAIAAAP\/\/\/\/\/\/\/yH5BAEKAAEALAAAAAABAAEAAAICTAEAOw==\" \/><\/a><\/div><\/div><div id=\"envira-gallery-item-385\" class=\"envira-gallery-item enviratope-item envira-gallery-item-4 envira-lazy-load\" style=\"padding-left: 1px; padding-bottom: 1px; padding-right: 1px;\"  itemscope itemtype=\"https:\/\/schema.org\/ImageObject\"><div class=\"envira-gallery-item-inner\"><div class=\"envira-gallery-position-overlay  envira-gallery-top-left\"><\/div><div class=\"envira-gallery-position-overlay  envira-gallery-top-right\"><\/div><div class=\"envira-gallery-position-overlay  envira-gallery-bottom-left\"><\/div><div class=\"envira-gallery-position-overlay  envira-gallery-bottom-right\"><\/div><a href=\"https:\/\/spfutoma.ostnet.pl\/wp-content\/uploads\/2025\/09\/sw_jan_kanty.jpg\" class=\"envira-gallery-389 envira-gallery-link\" rel=\"enviragallery389\" title=\"sw_jan_kanty\" data-envira-caption=\"sw_jan_kanty\" data-envira-retina=\"\" data-thumbnail=\"\"  itemprop=\"contentUrl\"><img decoding=\"async\" id=\"envira-gallery-image-385\" class=\"envira-gallery-image envira-gallery-image-4 envira-normal envira-lazy\" data-envira-index=\"4\" src=\"https:\/\/spfutoma.ostnet.pl\/wp-content\/uploads\/2025\/09\/sw_jan_kanty-640x480.jpg\" data-envira-src=\"https:\/\/spfutoma.ostnet.pl\/wp-content\/uploads\/2025\/09\/sw_jan_kanty-640x480.jpg\" data-envira-gallery-id=\"389\" data-envira-item-id=\"385\" data-envira-caption=\"sw_jan_kanty\" alt=\"\" title=\"sw_jan_kanty\"  itemprop=\"thumbnailUrl\" data-envira-srcset=\"https:\/\/spfutoma.ostnet.pl\/wp-content\/uploads\/2025\/09\/sw_jan_kanty-640x480.jpg 400w,https:\/\/spfutoma.ostnet.pl\/wp-content\/uploads\/2025\/09\/sw_jan_kanty-640x480.jpg 2x\" data-envira-width=\"191\" data-envira-height=\"300\" srcset=\"data:image\/gif;base64,R0lGODlhAQABAIAAAP\/\/\/\/\/\/\/yH5BAEKAAEALAAAAAABAAEAAAICTAEAOw==\" data-safe-src=\"data:image\/gif;base64,R0lGODlhAQABAIAAAP\/\/\/\/\/\/\/yH5BAEKAAEALAAAAAABAAEAAAICTAEAOw==\" \/><\/a><\/div><\/div><\/div><\/div><noscript><img decoding=\"async\" src=\"https:\/\/spfutoma.ostnet.pl\/wp-content\/uploads\/2025\/09\/240px-jan_kanty.jpg\" alt=\"\" \/><img decoding=\"async\" src=\"https:\/\/spfutoma.ostnet.pl\/wp-content\/uploads\/2025\/09\/2010-kanty_1.jpg\" alt=\"\" \/><img decoding=\"async\" src=\"https:\/\/spfutoma.ostnet.pl\/wp-content\/uploads\/2025\/09\/p1210040-1.jpg\" alt=\"\" \/><img decoding=\"async\" src=\"https:\/\/spfutoma.ostnet.pl\/wp-content\/uploads\/2025\/09\/sw_jan_kanty.jpg\" alt=\"\" \/><\/noscript><\/div>\n\n\n\n<p>Jesieni\u0105 1439 roku Jan otrzyma\u0142 tytu\u0142 baka\u0142arza teologii. 11 grudnia tego\u017c roku zosta\u0142 kanonikiem kapitu\u0142y przy kolegiacie \u015bw. Floriana w Krakowie, z czym wi\u0105za\u0142o si\u0119 probostwo przy ko\u015bciele \u015bw. Andrzeja w Olkuszu. Nie mog\u0105c jednak, ze wzgl\u0119du na liczne zaj\u0119cia, osobi\u015bcie sprawowa\u0107 opieki duszpasterskiej nad powierzon\u0105 mu parafi\u0105, po o\u015bmiu tygodniach (5 lutego 1440 r.) zrezygnowa\u0142 z tego urz\u0119du, nie b\u0119d\u0105c przypuszczalnie w Olkuszu ani razu.<\/p>\n\n\n\n<p>W wieku 53 lat zosta\u0142 magistrem teologii. W trzy lata p\u00f3\u017aniej obj\u0105\u0142, po \u015bmierci swego mistrza B. Hesse, katedr\u0119 na wydziale teologicznym Uniwersytetu Krakowskiego, gdzie pracowa\u0142 do ko\u0144ca swego \u017cycia. Zmar\u0142 w Wigili\u0119 Bo\u017cego Narodzenia 1473 roku.<\/p>\n\n\n\n<p>Mistrz Jan z K\u0119t \u0142\u0105czy\u0142 prac\u0119 naukow\u0105 z powo\u0142aniem kap\u0142a\u0144skim. Zas\u0142yn\u0105\u0142 r\u00f3wnie\u017c z wielkiego mi\u0142osierdzia. Nie mog\u0105c inaczej zaradzi\u0107 ludzkiej n\u0119dzy, wyzbywa\u0142 si\u0119 w\u0142asnego odzienia. By\u0142 cz\u0142owiekiem bardzo pracowitym, o czym \u015bwiadczy 28 wolumin\u00f3w licz\u0105cych ok. 15 tysi\u0119cy stron w\u0142asnor\u0119cznie przez niego przepisanych, z kt\u00f3rych dziesi\u0119\u0107 tom\u00f3w przechowywanych jest w Bibliotece Watyka\u0144skiej. Bardzo bole\u015bnie prze\u017cywa\u0142 wszelkie z\u0142o i ka\u017cdy grzech, poprzez kt\u00f3ry ludzie obra\u017caj\u0105 Boga. Prowadzi\u0142 \u017cywot pokutny, wynagradzaj\u0105cy za ludzkie przewinienia. Ca\u0142e \u017cycie nie jada\u0142 mi\u0119sa, sp\u0119dza\u0142 d\u0142ugie nocne godziny na modlitwie i po\u015bcie. Cechowa\u0142a go pokora. W swoich kazaniach i pismach nawo\u0142ywa\u0142 do trze\u017awo\u015bci, walczy\u0142 z rozwi\u0105z\u0142o\u015bci\u0105 i rozrzutno\u015bci\u0105.<\/p>\n\n\n\n<p>Jan z K\u0119t by\u0142 w Krakowie osobisto\u015bci\u0105 znan\u0105 i bardzo cenion\u0105, nic wi\u0119c dziwnego, \u017ce szacunek, jakim cieszy\u0142 si\u0119 za \u017cycia, szybko przerodzi\u0142 si\u0119 w po\u015bmiertny kult, kt\u00f3rego o\u015brodkiem jest jego gr\u00f3b w ko\u015bciele \u015bw. Anny. Tu, niemal nast\u0119pnego dnia po odej\u015bciu Mistrza, zacz\u0119to notowa\u0107 cuda i \u0142aski, jakich doznawali pielgrzymi przybywaj\u0105cy do tego miejsca z coraz odleglejszych zak\u0105tk\u00f3w Polski i Europy. Modlono si\u0119 do niego zar\u00f3wno jako opiekuna rodzin i matek oczekuj\u0105cych potomstwa, jak i patrona filozof\u00f3w i teolog\u00f3w. R\u00f3wnie\u017c dzi\u015b pokrzywdzeni widz\u0105 w nim swego obro\u0144c\u0119, wi\u0119\u017aniowie opiekuna, chorzy uzdrowiciela, a umieraj\u0105cy wzywaj\u0105 go na ratunek w ostatniej godzinie swego \u017cycia. Jest patronem Archidiecezji Krakowskiej, z kt\u00f3rej pochodzi oraz diecezji bielsko-\u017cywieckiej, w kt\u00f3rej znalaz\u0142o si\u0119 jego rodzinne miasto.<\/p>\n\n\n\n<p>Dnia 16 lipca 1767 roku w Rzymie Jan Kanty zosta\u0142 og\u0142oszony \u015bwi\u0119tym przez papie\u017ca Klemensa XIII.<\/p>\n","protected":false},"excerpt":{"rendered":"<p>\u015awi\u0119ty Jan Kanty przyszed\u0142 na \u015bwiat w K\u0119tach na Ziemi O\u015bwi\u0119cimskiej w dniu 24 czerwca 1390 r. jako syn Stanis\u0142awa i Anny. Pochodzi\u0142 z rodziny mieszcza\u0144skiej. Jego ojciec by\u0142 burmistrzem&#8230;. <\/p>\n","protected":false},"author":1,"featured_media":0,"parent":0,"menu_order":0,"comment_status":"closed","ping_status":"closed","template":"","meta":{"footnotes":""},"class_list":["post-70","page","type-page","status-publish","hentry"],"_links":{"self":[{"href":"https:\/\/spfutoma.ostnet.pl\/index.php?rest_route=\/wp\/v2\/pages\/70","targetHints":{"allow":["GET"]}}],"collection":[{"href":"https:\/\/spfutoma.ostnet.pl\/index.php?rest_route=\/wp\/v2\/pages"}],"about":[{"href":"https:\/\/spfutoma.ostnet.pl\/index.php?rest_route=\/wp\/v2\/types\/page"}],"author":[{"embeddable":true,"href":"https:\/\/spfutoma.ostnet.pl\/index.php?rest_route=\/wp\/v2\/users\/1"}],"replies":[{"embeddable":true,"href":"https:\/\/spfutoma.ostnet.pl\/index.php?rest_route=%2Fwp%2Fv2%2Fcomments&post=70"}],"version-history":[{"count":3,"href":"https:\/\/spfutoma.ostnet.pl\/index.php?rest_route=\/wp\/v2\/pages\/70\/revisions"}],"predecessor-version":[{"id":390,"href":"https:\/\/spfutoma.ostnet.pl\/index.php?rest_route=\/wp\/v2\/pages\/70\/revisions\/390"}],"wp:attachment":[{"href":"https:\/\/spfutoma.ostnet.pl\/index.php?rest_route=%2Fwp%2Fv2%2Fmedia&parent=70"}],"curies":[{"name":"wp","href":"https:\/\/api.w.org\/{rel}","templated":true}]}}