{"id":40,"date":"2025-07-14T22:36:40","date_gmt":"2025-07-14T20:36:40","guid":{"rendered":"https:\/\/spfutoma.ostnet.pl\/?page_id=40"},"modified":"2025-09-08T10:40:47","modified_gmt":"2025-09-08T08:40:47","slug":"kontakt","status":"publish","type":"page","link":"https:\/\/spfutoma.ostnet.pl\/?page_id=40","title":{"rendered":"Kontakt"},"content":{"rendered":"\n<p>Szko\u0142a Podstawowa im. \u015awi\u0119tego Jana Kantego w Futomie<br>Futoma 168<br>36-030 B\u0142a\u017cowa<br>woj. podkarpackie tel: 17-22-97-446<br>e-mail:\u00a0<a href=\"mailto:spfut@spfutoma.ostnet.pl\">spfut@spfutoma.ostnet.pl<\/a><br>adres e-dor\u0119cze\u0144: AE:PL-38455-61055-STGVB-21<\/p>\n","protected":false},"excerpt":{"rendered":"<p>Szko\u0142a Podstawowa im. \u015awi\u0119tego Jana Kantego w FutomieFutoma 16836-030 B\u0142a\u017cowawoj. podkarpackie tel: 17-22-97-446e-mail:\u00a0spfut@spfutoma.ostnet.pladres e-dor\u0119cze\u0144: AE:PL-38455-61055-STGVB-21<\/p>\n","protected":false},"author":1,"featured_media":0,"parent":0,"menu_order":0,"comment_status":"closed","ping_status":"closed","template":"","meta":{"footnotes":""},"class_list":["post-40","page","type-page","status-publish","hentry"],"_links":{"self":[{"href":"https:\/\/spfutoma.ostnet.pl\/index.php?rest_route=\/wp\/v2\/pages\/40","targetHints":{"allow":["GET"]}}],"collection":[{"href":"https:\/\/spfutoma.ostnet.pl\/index.php?rest_route=\/wp\/v2\/pages"}],"about":[{"href":"https:\/\/spfutoma.ostnet.pl\/index.php?rest_route=\/wp\/v2\/types\/page"}],"author":[{"embeddable":true,"href":"https:\/\/spfutoma.ostnet.pl\/index.php?rest_route=\/wp\/v2\/users\/1"}],"replies":[{"embeddable":true,"href":"https:\/\/spfutoma.ostnet.pl\/index.php?rest_route=%2Fwp%2Fv2%2Fcomments&post=40"}],"version-history":[{"count":4,"href":"https:\/\/spfutoma.ostnet.pl\/index.php?rest_route=\/wp\/v2\/pages\/40\/revisions"}],"predecessor-version":[{"id":424,"href":"https:\/\/spfutoma.ostnet.pl\/index.php?rest_route=\/wp\/v2\/pages\/40\/revisions\/424"}],"wp:attachment":[{"href":"https:\/\/spfutoma.ostnet.pl\/index.php?rest_route=%2Fwp%2Fv2%2Fmedia&parent=40"}],"curies":[{"name":"wp","href":"https:\/\/api.w.org\/{rel}","templated":true}]}}