{"id":254,"date":"2025-08-11T15:02:55","date_gmt":"2025-08-11T13:02:55","guid":{"rendered":"https:\/\/spfutoma.ostnet.pl\/?page_id=254"},"modified":"2025-08-28T15:53:44","modified_gmt":"2025-08-28T13:53:44","slug":"nabor-do-oddzialu-przedszkolnego-i-pierwszej-klasy","status":"publish","type":"page","link":"https:\/\/spfutoma.ostnet.pl\/?page_id=254","title":{"rendered":"REKRUTACJA"},"content":{"rendered":"\n<div class=\"wp-block-group is-nowrap is-layout-flex wp-container-core-group-is-layout-ad2f72ca wp-block-group-is-layout-flex\">\n<div class=\"wp-block-group is-nowrap is-layout-flex wp-container-core-group-is-layout-ad2f72ca wp-block-group-is-layout-flex\"><figure class=\"wp-block-post-featured-image\"><img loading=\"lazy\" decoding=\"async\" width=\"240\" height=\"180\" src=\"https:\/\/spfutoma.ostnet.pl\/wp-content\/uploads\/2025\/08\/4-240x180.png\" class=\"attachment-post-thumbnail size-post-thumbnail wp-post-image\" alt=\"\" style=\"object-fit:cover;\" \/><\/figure>\n\n\n<p><\/p>\n<\/div>\n<\/div>\n\n\n\n<p>Nasza szko\u0142a oferuje:<\/p>\n\n\n\n<p>nowe funkcjonalne sale przedszkolne, <br>opiek\u0119 \u015bwietlicow\u0105 od 7:00 do 17:00, <br>nowoczesny plac zabaw, <br>du\u017c\u0105 sal\u0119 gimnastyczn\u0105, <br>wy\u017cywienie, <br>herbat\u0119 do II-go \u015bniadania, <br>obiad, <br>podwieczorek, <\/p>\n\n\n\n<p>Do naszego przedszkola zapraszamy dzieci od 2,5 roku.<\/p>\n\n\n\n<p>Wniosek o przyj\u0119cie do klasy pierwszej <a href=\"https:\/\/spfutoma.ostnet.pl\/wp-content\/uploads\/2025\/07\/1wniosek1.pdf\" data-type=\"link\" data-id=\"https:\/\/spfutoma.ostnet.pl\/wp-content\/uploads\/2025\/07\/1wniosek1.pdf\">&gt;&gt;&gt;<\/a><\/p>\n\n\n\n<p>Wniosek o przyj\u0119cie do przedszkola <a href=\"https:\/\/spfutoma.ostnet.pl\/wp-content\/uploads\/2025\/07\/1wniosekprzedszkole.pdf\" data-type=\"link\" data-id=\"https:\/\/spfutoma.ostnet.pl\/wp-content\/uploads\/2025\/07\/1wniosekprzedszkole.pdf\">&gt;&gt;&gt;<\/a><\/p>\n","protected":false},"excerpt":{"rendered":"<p>Nasza szko\u0142a oferuje: nowe funkcjonalne sale przedszkolne, opiek\u0119 \u015bwietlicow\u0105 od 7:00 do 17:00, nowoczesny plac zabaw, du\u017c\u0105 sal\u0119 gimnastyczn\u0105, wy\u017cywienie, herbat\u0119 do II-go \u015bniadania, obiad, podwieczorek, Do naszego przedszkola zapraszamy&#8230; <\/p>\n","protected":false},"author":1,"featured_media":275,"parent":0,"menu_order":0,"comment_status":"closed","ping_status":"closed","template":"","meta":{"footnotes":""},"class_list":["post-254","page","type-page","status-publish","has-post-thumbnail","hentry"],"_links":{"self":[{"href":"https:\/\/spfutoma.ostnet.pl\/index.php?rest_route=\/wp\/v2\/pages\/254","targetHints":{"allow":["GET"]}}],"collection":[{"href":"https:\/\/spfutoma.ostnet.pl\/index.php?rest_route=\/wp\/v2\/pages"}],"about":[{"href":"https:\/\/spfutoma.ostnet.pl\/index.php?rest_route=\/wp\/v2\/types\/page"}],"author":[{"embeddable":true,"href":"https:\/\/spfutoma.ostnet.pl\/index.php?rest_route=\/wp\/v2\/users\/1"}],"replies":[{"embeddable":true,"href":"https:\/\/spfutoma.ostnet.pl\/index.php?rest_route=%2Fwp%2Fv2%2Fcomments&post=254"}],"version-history":[{"count":10,"href":"https:\/\/spfutoma.ostnet.pl\/index.php?rest_route=\/wp\/v2\/pages\/254\/revisions"}],"predecessor-version":[{"id":294,"href":"https:\/\/spfutoma.ostnet.pl\/index.php?rest_route=\/wp\/v2\/pages\/254\/revisions\/294"}],"wp:featuredmedia":[{"embeddable":true,"href":"https:\/\/spfutoma.ostnet.pl\/index.php?rest_route=\/wp\/v2\/media\/275"}],"wp:attachment":[{"href":"https:\/\/spfutoma.ostnet.pl\/index.php?rest_route=%2Fwp%2Fv2%2Fmedia&parent=254"}],"curies":[{"name":"wp","href":"https:\/\/api.w.org\/{rel}","templated":true}]}}